{"id":5920,"date":"2026-03-12T12:59:48","date_gmt":"2026-03-12T10:59:48","guid":{"rendered":"https:\/\/www.geniusbytes.com\/?page_id=5920"},"modified":"2026-03-12T13:00:11","modified_gmt":"2026-03-12T11:00:11","slug":"sicheres-drucken-in-der-gesundheitsbranche","status":"publish","type":"page","link":"https:\/\/www.geniusbytes.com\/en\/sicheres-drucken-in-der-gesundheitsbranche\/","title":{"rendered":"Sicheres Drucken in der Gesundheitsbranche"},"content":{"rendered":"","protected":false},"excerpt":{"rendered":"","protected":false},"author":1,"featured_media":0,"parent":0,"menu_order":0,"comment_status":"closed","ping_status":"closed","template":"elementor_canvas","meta":{"_acf_changed":false,"site-sidebar-layout":"no-sidebar","site-content-layout":"","ast-site-content-layout":"full-width-container","site-content-style":"default","site-sidebar-style":"default","ast-global-header-display":"","ast-banner-title-visibility":"","ast-main-header-display":"","ast-hfb-above-header-display":"","ast-hfb-below-header-display":"","ast-hfb-mobile-header-display":"","site-post-title":"","ast-breadcrumbs-content":"","ast-featured-img":"disabled","footer-sml-layout":"","ast-disable-related-posts":"","theme-transparent-header-meta":"","adv-header-id-meta":"","stick-header-meta":"","header-above-stick-meta":"","header-main-stick-meta":"","header-below-stick-meta":"","astra-migrate-meta-layouts":"default","ast-page-background-enabled":"default","ast-page-background-meta":{"desktop":{"background-color":"var(--ast-global-color-5)","background-image":"","background-repeat":"repeat","background-position":"center center","background-size":"auto","background-attachment":"scroll","background-type":"","background-media":"","overlay-type":"","overlay-color":"","overlay-opacity":"","overlay-gradient":""},"tablet":{"background-color":"","background-image":"","background-repeat":"repeat","background-position":"center center","background-size":"auto","background-attachment":"scroll","background-type":"","background-media":"","overlay-type":"","overlay-color":"","overlay-opacity":"","overlay-gradient":""},"mobile":{"background-color":"","background-image":"","background-repeat":"repeat","background-position":"center center","background-size":"auto","background-attachment":"scroll","background-type":"","background-media":"","overlay-type":"","overlay-color":"","overlay-opacity":"","overlay-gradient":""}},"ast-content-background-meta":{"desktop":{"background-color":"var(--ast-global-color-4)","background-image":"","background-repeat":"repeat","background-position":"center center","background-size":"auto","background-attachment":"scroll","background-type":"","background-media":"","overlay-type":"","overlay-color":"","overlay-opacity":"","overlay-gradient":""},"tablet":{"background-color":"var(--ast-global-color-4)","background-image":"","background-repeat":"repeat","background-position":"center center","background-size":"auto","background-attachment":"scroll","background-type":"","background-media":"","overlay-type":"","overlay-color":"","overlay-opacity":"","overlay-gradient":""},"mobile":{"background-color":"var(--ast-global-color-4)","background-image":"","background-repeat":"repeat","background-position":"center center","background-size":"auto","background-attachment":"scroll","background-type":"","background-media":"","overlay-type":"","overlay-color":"","overlay-opacity":"","overlay-gradient":""}},"footnotes":""},"class_list":["post-5920","page","type-page","status-publish","hentry"],"acf":[],"yoast_head":"<!-- This site is optimized with the Yoast SEO Premium plugin v27.4 (Yoast SEO v27.4) - https:\/\/yoast.com\/product\/yoast-seo-premium-wordpress\/ -->\n<title>Sicheres Drucken in der Gesundheitsbranche - Genius Bytes - Effiziente Dokumenten-Workflows<\/title>\n<meta name=\"robots\" content=\"index, follow, max-snippet:-1, max-image-preview:large, max-video-preview:-1\" \/>\n<link rel=\"canonical\" href=\"https:\/\/www.geniusbytes.com\/en\/sicheres-drucken-in-der-gesundheitsbranche\/\" \/>\n<meta property=\"og:locale\" content=\"en_GB\" \/>\n<meta property=\"og:type\" content=\"article\" \/>\n<meta property=\"og:title\" content=\"Sicheres Drucken in der Gesundheitsbranche\" \/>\n<meta property=\"og:url\" content=\"https:\/\/www.geniusbytes.com\/en\/sicheres-drucken-in-der-gesundheitsbranche\/\" \/>\n<meta property=\"og:site_name\" content=\"Genius Bytes - Effiziente Dokumenten-Workflows\" \/>\n<meta property=\"article:modified_time\" content=\"2026-03-12T11:00:11+00:00\" \/>\n<meta name=\"twitter:card\" content=\"summary_large_image\" \/>\n<script type=\"application\/ld+json\" class=\"yoast-schema-graph\">{\"@context\":\"https:\\\/\\\/schema.org\",\"@graph\":[{\"@type\":\"WebPage\",\"@id\":\"https:\\\/\\\/www.geniusbytes.com\\\/sicheres-drucken-in-der-gesundheitsbranche\\\/\",\"url\":\"https:\\\/\\\/www.geniusbytes.com\\\/sicheres-drucken-in-der-gesundheitsbranche\\\/\",\"name\":\"Sicheres Drucken in der Gesundheitsbranche - Genius Bytes - Effiziente Dokumenten-Workflows\",\"isPartOf\":{\"@id\":\"https:\\\/\\\/www.geniusbytes.com\\\/#website\"},\"datePublished\":\"2026-03-12T10:59:48+00:00\",\"dateModified\":\"2026-03-12T11:00:11+00:00\",\"breadcrumb\":{\"@id\":\"https:\\\/\\\/www.geniusbytes.com\\\/sicheres-drucken-in-der-gesundheitsbranche\\\/#breadcrumb\"},\"inLanguage\":\"en-GB\",\"potentialAction\":[{\"@type\":\"ReadAction\",\"target\":[\"https:\\\/\\\/www.geniusbytes.com\\\/sicheres-drucken-in-der-gesundheitsbranche\\\/\"]}]},{\"@type\":\"BreadcrumbList\",\"@id\":\"https:\\\/\\\/www.geniusbytes.com\\\/sicheres-drucken-in-der-gesundheitsbranche\\\/#breadcrumb\",\"itemListElement\":[{\"@type\":\"ListItem\",\"position\":1,\"name\":\"Startseite\",\"item\":\"https:\\\/\\\/www.geniusbytes.com\\\/\"},{\"@type\":\"ListItem\",\"position\":2,\"name\":\"Sicheres Drucken in der Gesundheitsbranche\"}]},{\"@type\":\"WebSite\",\"@id\":\"https:\\\/\\\/www.geniusbytes.com\\\/#website\",\"url\":\"https:\\\/\\\/www.geniusbytes.com\\\/\",\"name\":\"Genius Bytes - Effiziente Dokumenten-Workflows\",\"description\":\"\",\"publisher\":{\"@id\":\"https:\\\/\\\/www.geniusbytes.com\\\/#organization\"},\"potentialAction\":[{\"@type\":\"SearchAction\",\"target\":{\"@type\":\"EntryPoint\",\"urlTemplate\":\"https:\\\/\\\/www.geniusbytes.com\\\/?s={search_term_string}\"},\"query-input\":{\"@type\":\"PropertyValueSpecification\",\"valueRequired\":true,\"valueName\":\"search_term_string\"}}],\"inLanguage\":\"en-GB\"},{\"@type\":[\"Organization\",\"Place\"],\"@id\":\"https:\\\/\\\/www.geniusbytes.com\\\/#organization\",\"name\":\"Genius Bytes Software Solutions GmbH\",\"alternateName\":\"Genius Bytes\",\"url\":\"https:\\\/\\\/www.geniusbytes.com\\\/\",\"logo\":{\"@id\":\"https:\\\/\\\/www.geniusbytes.com\\\/sicheres-drucken-in-der-gesundheitsbranche\\\/#local-main-organization-logo\"},\"image\":{\"@id\":\"https:\\\/\\\/www.geniusbytes.com\\\/sicheres-drucken-in-der-gesundheitsbranche\\\/#local-main-organization-logo\"},\"description\":\"Wir machen die digitale Arbeitswelt m\u00f6glich. Seit \u00fcber 25 Jahren entwickeln wir L\u00f6sungen f\u00fcr das Print- und Scanmanagement, um Gesch\u00e4ftsprozesse zu optimieren. Mehr als 1.000 Kunden in \u00fcber 39 L\u00e4ndern vertrauen bereits auf unsere Produkte.\",\"legalName\":\"Genius Bytes Softare Solutions GmbH\",\"foundingDate\":\"2000-11-15\",\"duns\":\"314795159\",\"numberOfEmployees\":{\"@type\":\"QuantitativeValue\",\"minValue\":\"11\",\"maxValue\":\"50\"},\"address\":{\"@id\":\"https:\\\/\\\/www.geniusbytes.com\\\/sicheres-drucken-in-der-gesundheitsbranche\\\/#local-main-place-address\"},\"telephone\":[\"+49 234 530 34292\"],\"contactPoint\":{\"@type\":\"ContactPoint\",\"email\":\"wpadmin@geniusbytes.com\"},\"openingHoursSpecification\":[{\"@type\":\"OpeningHoursSpecification\",\"dayOfWeek\":[\"Monday\",\"Tuesday\",\"Wednesday\",\"Thursday\",\"Friday\",\"Saturday\",\"Sunday\"],\"opens\":\"09:00\",\"closes\":\"17:00\"}],\"email\":\"info@geniusbytes.com\",\"faxNumber\":\"+49 234 95809828\",\"vatID\":\"DE213838024\"},{\"@type\":\"PostalAddress\",\"@id\":\"https:\\\/\\\/www.geniusbytes.com\\\/sicheres-drucken-in-der-gesundheitsbranche\\\/#local-main-place-address\",\"streetAddress\":\"Merianstr. 30\",\"addressLocality\":\"Bochum\",\"postalCode\":\"44801\",\"addressRegion\":\"Nordrhein-Westfalen\",\"addressCountry\":\"DE\"},{\"@type\":\"ImageObject\",\"inLanguage\":\"en-GB\",\"@id\":\"https:\\\/\\\/www.geniusbytes.com\\\/sicheres-drucken-in-der-gesundheitsbranche\\\/#local-main-organization-logo\",\"url\":\"https:\\\/\\\/www.geniusbytes.com\\\/wp-content\\\/uploads\\\/2025\\\/09\\\/cropped-Genius-Bytes-Logo.jpg\",\"contentUrl\":\"https:\\\/\\\/www.geniusbytes.com\\\/wp-content\\\/uploads\\\/2025\\\/09\\\/cropped-Genius-Bytes-Logo.jpg\",\"width\":828,\"height\":646,\"caption\":\"Genius Bytes Software Solutions GmbH\"}]}<\/script>\n<meta name=\"geo.placename\" content=\"Bochum\" \/>\n<meta name=\"geo.region\" content=\"Germany\" \/>\n<!-- \/ Yoast SEO Premium plugin. -->","yoast_head_json":{"title":"Sicheres Drucken in der Gesundheitsbranche - Genius Bytes - Effiziente Dokumenten-Workflows","robots":{"index":"index","follow":"follow","max-snippet":"max-snippet:-1","max-image-preview":"max-image-preview:large","max-video-preview":"max-video-preview:-1"},"canonical":"https:\/\/www.geniusbytes.com\/en\/sicheres-drucken-in-der-gesundheitsbranche\/","og_locale":"en_GB","og_type":"article","og_title":"Sicheres Drucken in der Gesundheitsbranche","og_url":"https:\/\/www.geniusbytes.com\/en\/sicheres-drucken-in-der-gesundheitsbranche\/","og_site_name":"Genius Bytes - Effiziente Dokumenten-Workflows","article_modified_time":"2026-03-12T11:00:11+00:00","twitter_card":"summary_large_image","schema":{"@context":"https:\/\/schema.org","@graph":[{"@type":"WebPage","@id":"https:\/\/www.geniusbytes.com\/sicheres-drucken-in-der-gesundheitsbranche\/","url":"https:\/\/www.geniusbytes.com\/sicheres-drucken-in-der-gesundheitsbranche\/","name":"Sicheres Drucken in der Gesundheitsbranche - Genius Bytes - Effiziente Dokumenten-Workflows","isPartOf":{"@id":"https:\/\/www.geniusbytes.com\/#website"},"datePublished":"2026-03-12T10:59:48+00:00","dateModified":"2026-03-12T11:00:11+00:00","breadcrumb":{"@id":"https:\/\/www.geniusbytes.com\/sicheres-drucken-in-der-gesundheitsbranche\/#breadcrumb"},"inLanguage":"en-GB","potentialAction":[{"@type":"ReadAction","target":["https:\/\/www.geniusbytes.com\/sicheres-drucken-in-der-gesundheitsbranche\/"]}]},{"@type":"BreadcrumbList","@id":"https:\/\/www.geniusbytes.com\/sicheres-drucken-in-der-gesundheitsbranche\/#breadcrumb","itemListElement":[{"@type":"ListItem","position":1,"name":"Startseite","item":"https:\/\/www.geniusbytes.com\/"},{"@type":"ListItem","position":2,"name":"Sicheres Drucken in der Gesundheitsbranche"}]},{"@type":"WebSite","@id":"https:\/\/www.geniusbytes.com\/#website","url":"https:\/\/www.geniusbytes.com\/","name":"Genius Bytes - Efficient document workflows","description":"","publisher":{"@id":"https:\/\/www.geniusbytes.com\/#organization"},"potentialAction":[{"@type":"SearchAction","target":{"@type":"EntryPoint","urlTemplate":"https:\/\/www.geniusbytes.com\/?s={search_term_string}"},"query-input":{"@type":"PropertyValueSpecification","valueRequired":true,"valueName":"search_term_string"}}],"inLanguage":"en-GB"},{"@type":["Organization","Place"],"@id":"https:\/\/www.geniusbytes.com\/#organization","name":"Genius Bytes Software Solutions GmbH","alternateName":"Genius Bytes","url":"https:\/\/www.geniusbytes.com\/","logo":{"@id":"https:\/\/www.geniusbytes.com\/sicheres-drucken-in-der-gesundheitsbranche\/#local-main-organization-logo"},"image":{"@id":"https:\/\/www.geniusbytes.com\/sicheres-drucken-in-der-gesundheitsbranche\/#local-main-organization-logo"},"description":"We make the digital working world possible. For over 25 years, we have been developing solutions for print and scan management to optimise business processes. More than 1,000 customers in over 39 countries already rely on our products.","legalName":"Genius Bytes Softare Solutions GmbH","foundingDate":"2000-11-15","duns":"314795159","numberOfEmployees":{"@type":"QuantitativeValue","minValue":"11","maxValue":"50"},"address":{"@id":"https:\/\/www.geniusbytes.com\/sicheres-drucken-in-der-gesundheitsbranche\/#local-main-place-address"},"telephone":["+49 234 530 34292"],"contactPoint":{"@type":"ContactPoint","email":"wpadmin@geniusbytes.com"},"openingHoursSpecification":[{"@type":"OpeningHoursSpecification","dayOfWeek":["Monday","Tuesday","Wednesday","Thursday","Friday","Saturday","Sunday"],"opens":"09:00","closes":"17:00"}],"email":"info@geniusbytes.com","faxNumber":"+49 234 95809828","vatID":"DE213838024"},{"@type":"PostalAddress","@id":"https:\/\/www.geniusbytes.com\/sicheres-drucken-in-der-gesundheitsbranche\/#local-main-place-address","streetAddress":"Merianstr. 30","addressLocality":"Bochum","postalCode":"44801","addressRegion":"Nordrhein-Westfalen","addressCountry":"DE"},{"@type":"ImageObject","inLanguage":"en-GB","@id":"https:\/\/www.geniusbytes.com\/sicheres-drucken-in-der-gesundheitsbranche\/#local-main-organization-logo","url":"https:\/\/www.geniusbytes.com\/wp-content\/uploads\/2025\/09\/cropped-Genius-Bytes-Logo.jpg","contentUrl":"https:\/\/www.geniusbytes.com\/wp-content\/uploads\/2025\/09\/cropped-Genius-Bytes-Logo.jpg","width":828,"height":646,"caption":"Genius Bytes Software Solutions GmbH"}]},"geo.placename":"Bochum","geo.region":"Germany"},"_links":{"self":[{"href":"https:\/\/www.geniusbytes.com\/en\/wp-json\/wp\/v2\/pages\/5920","targetHints":{"allow":["GET"]}}],"collection":[{"href":"https:\/\/www.geniusbytes.com\/en\/wp-json\/wp\/v2\/pages"}],"about":[{"href":"https:\/\/www.geniusbytes.com\/en\/wp-json\/wp\/v2\/types\/page"}],"author":[{"embeddable":true,"href":"https:\/\/www.geniusbytes.com\/en\/wp-json\/wp\/v2\/users\/1"}],"replies":[{"embeddable":true,"href":"https:\/\/www.geniusbytes.com\/en\/wp-json\/wp\/v2\/comments?post=5920"}],"version-history":[{"count":5,"href":"https:\/\/www.geniusbytes.com\/en\/wp-json\/wp\/v2\/pages\/5920\/revisions"}],"predecessor-version":[{"id":5925,"href":"https:\/\/www.geniusbytes.com\/en\/wp-json\/wp\/v2\/pages\/5920\/revisions\/5925"}],"wp:attachment":[{"href":"https:\/\/www.geniusbytes.com\/en\/wp-json\/wp\/v2\/media?parent=5920"}],"curies":[{"name":"wp","href":"https:\/\/api.w.org\/{rel}","templated":true}]}}