{"id":5754,"date":"2026-03-10T14:23:27","date_gmt":"2026-03-10T12:23:27","guid":{"rendered":"https:\/\/www.geniusbytes.com\/?page_id=5754"},"modified":"2026-03-17T13:08:28","modified_gmt":"2026-03-17T11:08:28","slug":"das-hat-geklappt-danke","status":"publish","type":"page","link":"https:\/\/www.geniusbytes.com\/en\/das-hat-geklappt-danke\/","title":{"rendered":"That worked - thank you"},"content":{"rendered":"<div data-elementor-type=\"wp-page\" data-elementor-id=\"5754\" class=\"elementor elementor-5754\" data-elementor-post-type=\"page\">\n\t\t\t\t<div class=\"elementor-element elementor-element-dad536a e-flex e-con-boxed e-con e-parent\" data-id=\"dad536a\" data-element_type=\"container\" data-e-type=\"container\" data-settings=\"{&quot;background_background&quot;:&quot;classic&quot;}\">\n\t\t\t\t\t<div class=\"e-con-inner\">\n\t\t\t\t<div class=\"elementor-element elementor-element-bd163fb elementor-widget elementor-widget-heading\" data-id=\"bd163fb\" data-element_type=\"widget\" data-e-type=\"widget\" data-widget_type=\"heading.default\">\n\t\t\t\t\t<p class=\"elementor-heading-title elementor-size-default\">We did it!<\/p>\t\t\t\t<\/div>\n\t\t\t\t<div class=\"elementor-element elementor-element-4cf93c53 elementor-widget__width-initial elementor-invisible elementor-widget elementor-widget-heading\" data-id=\"4cf93c53\" data-element_type=\"widget\" data-e-type=\"widget\" data-settings=\"{&quot;_animation&quot;:&quot;fadeInUp&quot;}\" data-widget_type=\"heading.default\">\n\t\t\t\t\t<h1 class=\"elementor-heading-title elementor-size-default\">Thank you for your registration!<\/h1>\t\t\t\t<\/div>\n\t\t\t\t<div class=\"elementor-element elementor-element-ce4affc elementor-widget__width-initial elementor-widget elementor-widget-text-editor\" data-id=\"ce4affc\" data-element_type=\"widget\" data-e-type=\"widget\" data-widget_type=\"text-editor.default\">\n\t\t\t\t\t\t\t\t\t<p>You are now part of the community, will receive exclusive insights in the future and will be among the first to hear about new products!<\/p>\t\t\t\t\t\t\t\t<\/div>\n\t\t\t\t<div class=\"elementor-element elementor-element-241405df elementor-align-center elementor-widget elementor-widget-button\" data-id=\"241405df\" data-element_type=\"widget\" data-e-type=\"widget\" data-widget_type=\"button.default\">\n\t\t\t\t\t\t\t\t\t\t<a class=\"elementor-button elementor-button-link elementor-size-sm\" href=\"#elementor-action%3Aaction%3Dpopup%3Aopen%26settings%3DeyJpZCI6IjQ5ODYiLCJ0b2dnbGUiOmZhbHNlfQ%3D%3D\">\n\t\t\t\t\t\t<span class=\"elementor-button-content-wrapper\">\n\t\t\t\t\t\t\t\t\t<span class=\"elementor-button-text\">Contact us<\/span>\n\t\t\t\t\t<\/span>\n\t\t\t\t\t<\/a>\n\t\t\t\t\t\t\t\t<\/div>\n\t\t\t\t\t<\/div>\n\t\t\t\t<\/div>\n\t\t<div class=\"elementor-element elementor-element-f7df4db e-flex e-con-boxed e-con e-parent\" data-id=\"f7df4db\" data-element_type=\"container\" data-e-type=\"container\">\n\t\t\t\t\t<div class=\"e-con-inner\">\n\t\t<div class=\"elementor-element elementor-element-3051c67 e-con-full e-flex e-con e-child\" data-id=\"3051c67\" data-element_type=\"container\" data-e-type=\"container\">\n\t\t\t\t<div class=\"elementor-element elementor-element-38f25a2 elementor-widget elementor-widget-heading\" data-id=\"38f25a2\" data-element_type=\"widget\" data-e-type=\"widget\" data-widget_type=\"heading.default\">\n\t\t\t\t\t<h2 class=\"elementor-heading-title elementor-size-default\">One more little thing ...<\/h2>\t\t\t\t<\/div>\n\t\t\t\t<div class=\"elementor-element elementor-element-13ad510 elementor-widget__width-initial elementor-widget elementor-widget-text-editor\" data-id=\"13ad510\" data-element_type=\"widget\" data-e-type=\"widget\" data-widget_type=\"text-editor.default\">\n\t\t\t\t\t\t\t\t\t<p>... in principle it is helpful if you use our dispatch address <strong>marketing@geniusbytes.com <\/strong>to your contacts. This way you can be sure that you actually receive our emails and that they don't end up in your spam folder by mistake.<\/p><p>See you soon!<\/p><p>Your Genius Bytes Team<\/p>\t\t\t\t\t\t\t\t<\/div>\n\t\t\t\t<\/div>\n\t\t\t\t<div class=\"elementor-element elementor-element-fd65024 elementor-widget__width-initial elementor-widget elementor-widget-image\" data-id=\"fd65024\" data-element_type=\"widget\" data-e-type=\"widget\" data-widget_type=\"image.default\">\n\t\t\t\t\t\t\t\t\t\t\t\t\t\t\t<img fetchpriority=\"high\" decoding=\"async\" width=\"1024\" height=\"683\" src=\"https:\/\/www.geniusbytes.com\/wp-content\/uploads\/2025\/11\/blog-mediathek-geniusbytes-1024x683.jpg\" class=\"attachment-large size-large wp-image-1666\" alt=\"\" srcset=\"https:\/\/www.geniusbytes.com\/wp-content\/uploads\/2025\/11\/blog-mediathek-geniusbytes-1024x683.jpg 1024w, https:\/\/www.geniusbytes.com\/wp-content\/uploads\/2025\/11\/blog-mediathek-geniusbytes-300x200.jpg 300w, https:\/\/www.geniusbytes.com\/wp-content\/uploads\/2025\/11\/blog-mediathek-geniusbytes-768x513.jpg 768w, https:\/\/www.geniusbytes.com\/wp-content\/uploads\/2025\/11\/blog-mediathek-geniusbytes-1536x1025.jpg 1536w, https:\/\/www.geniusbytes.com\/wp-content\/uploads\/2025\/11\/blog-mediathek-geniusbytes-2048x1367.jpg 2048w, https:\/\/www.geniusbytes.com\/wp-content\/uploads\/2025\/11\/blog-mediathek-geniusbytes-18x12.jpg 18w\" sizes=\"(max-width: 1024px) 100vw, 1024px\" \/>\t\t\t\t\t\t\t\t\t\t\t\t\t\t\t<\/div>\n\t\t\t\t\t<\/div>\n\t\t\t\t<\/div>\n\t\t\t\t<\/div>","protected":false},"excerpt":{"rendered":"<p>Geschafft! Vielen Dank f\u00fcr Ihre Anmeldung! Sie sind nun Teil der Community, erhalten in der Zukunft ganz exklusive Einblicke und [&hellip;]<\/p>\n","protected":false},"author":1,"featured_media":0,"parent":0,"menu_order":0,"comment_status":"closed","ping_status":"closed","template":"","meta":{"_acf_changed":false,"site-sidebar-layout":"no-sidebar","site-content-layout":"","ast-site-content-layout":"full-width-container","site-content-style":"default","site-sidebar-style":"default","ast-global-header-display":"","ast-banner-title-visibility":"","ast-main-header-display":"","ast-hfb-above-header-display":"","ast-hfb-below-header-display":"","ast-hfb-mobile-header-display":"","site-post-title":"","ast-breadcrumbs-content":"","ast-featured-img":"disabled","footer-sml-layout":"","ast-disable-related-posts":"","theme-transparent-header-meta":"","adv-header-id-meta":"","stick-header-meta":"","header-above-stick-meta":"","header-main-stick-meta":"","header-below-stick-meta":"","astra-migrate-meta-layouts":"default","ast-page-background-enabled":"default","ast-page-background-meta":{"desktop":{"background-color":"var(--ast-global-color-5)","background-image":"","background-repeat":"repeat","background-position":"center center","background-size":"auto","background-attachment":"scroll","background-type":"","background-media":"","overlay-type":"","overlay-color":"","overlay-opacity":"","overlay-gradient":""},"tablet":{"background-color":"","background-image":"","background-repeat":"repeat","background-position":"center center","background-size":"auto","background-attachment":"scroll","background-type":"","background-media":"","overlay-type":"","overlay-color":"","overlay-opacity":"","overlay-gradient":""},"mobile":{"background-color":"","background-image":"","background-repeat":"repeat","background-position":"center center","background-size":"auto","background-attachment":"scroll","background-type":"","background-media":"","overlay-type":"","overlay-color":"","overlay-opacity":"","overlay-gradient":""}},"ast-content-background-meta":{"desktop":{"background-color":"var(--ast-global-color-4)","background-image":"","background-repeat":"repeat","background-position":"center center","background-size":"auto","background-attachment":"scroll","background-type":"","background-media":"","overlay-type":"","overlay-color":"","overlay-opacity":"","overlay-gradient":""},"tablet":{"background-color":"var(--ast-global-color-4)","background-image":"","background-repeat":"repeat","background-position":"center center","background-size":"auto","background-attachment":"scroll","background-type":"","background-media":"","overlay-type":"","overlay-color":"","overlay-opacity":"","overlay-gradient":""},"mobile":{"background-color":"var(--ast-global-color-4)","background-image":"","background-repeat":"repeat","background-position":"center center","background-size":"auto","background-attachment":"scroll","background-type":"","background-media":"","overlay-type":"","overlay-color":"","overlay-opacity":"","overlay-gradient":""}},"footnotes":""},"class_list":["post-5754","page","type-page","status-publish","hentry"],"acf":[],"yoast_head":"<!-- This site is optimized with the Yoast SEO Premium plugin v27.4 (Yoast SEO v27.4) - https:\/\/yoast.com\/product\/yoast-seo-premium-wordpress\/ -->\n<title>Das hat geklappt - Danke - Genius Bytes - Effiziente Dokumenten-Workflows<\/title>\n<meta name=\"robots\" content=\"index, follow, max-snippet:-1, max-image-preview:large, max-video-preview:-1\" \/>\n<link rel=\"canonical\" href=\"https:\/\/www.geniusbytes.com\/en\/das-hat-geklappt-danke\/\" \/>\n<meta property=\"og:locale\" content=\"en_GB\" \/>\n<meta property=\"og:type\" content=\"article\" \/>\n<meta property=\"og:title\" content=\"Das hat geklappt - Danke\" \/>\n<meta property=\"og:description\" content=\"Geschafft! Vielen Dank f\u00fcr Ihre Anmeldung! Sie sind nun Teil der Community, erhalten in der Zukunft ganz exklusive Einblicke und [&hellip;]\" \/>\n<meta property=\"og:url\" content=\"https:\/\/www.geniusbytes.com\/en\/das-hat-geklappt-danke\/\" \/>\n<meta property=\"og:site_name\" content=\"Genius Bytes - Effiziente Dokumenten-Workflows\" \/>\n<meta property=\"article:modified_time\" content=\"2026-03-17T11:08:28+00:00\" \/>\n<meta property=\"og:image\" content=\"https:\/\/www.geniusbytes.com\/wp-content\/uploads\/2025\/11\/blog-mediathek-geniusbytes-scaled.jpg\" \/>\n\t<meta property=\"og:image:width\" content=\"2560\" \/>\n\t<meta property=\"og:image:height\" content=\"1709\" \/>\n\t<meta property=\"og:image:type\" content=\"image\/jpeg\" \/>\n<meta name=\"twitter:card\" content=\"summary_large_image\" \/>\n<meta name=\"twitter:label1\" content=\"Estimated reading time\" \/>\n\t<meta name=\"twitter:data1\" content=\"1 minute\" \/>\n<script type=\"application\/ld+json\" class=\"yoast-schema-graph\">{\"@context\":\"https:\\\/\\\/schema.org\",\"@graph\":[{\"@type\":\"WebPage\",\"@id\":\"https:\\\/\\\/www.geniusbytes.com\\\/das-hat-geklappt-danke\\\/\",\"url\":\"https:\\\/\\\/www.geniusbytes.com\\\/das-hat-geklappt-danke\\\/\",\"name\":\"Das hat geklappt - Danke - Genius Bytes - Effiziente Dokumenten-Workflows\",\"isPartOf\":{\"@id\":\"https:\\\/\\\/www.geniusbytes.com\\\/#website\"},\"primaryImageOfPage\":{\"@id\":\"https:\\\/\\\/www.geniusbytes.com\\\/das-hat-geklappt-danke\\\/#primaryimage\"},\"image\":{\"@id\":\"https:\\\/\\\/www.geniusbytes.com\\\/das-hat-geklappt-danke\\\/#primaryimage\"},\"thumbnailUrl\":\"https:\\\/\\\/www.geniusbytes.com\\\/wp-content\\\/uploads\\\/2025\\\/11\\\/blog-mediathek-geniusbytes-1024x683.jpg\",\"datePublished\":\"2026-03-10T12:23:27+00:00\",\"dateModified\":\"2026-03-17T11:08:28+00:00\",\"breadcrumb\":{\"@id\":\"https:\\\/\\\/www.geniusbytes.com\\\/das-hat-geklappt-danke\\\/#breadcrumb\"},\"inLanguage\":\"en-GB\",\"potentialAction\":[{\"@type\":\"ReadAction\",\"target\":[\"https:\\\/\\\/www.geniusbytes.com\\\/das-hat-geklappt-danke\\\/\"]}]},{\"@type\":\"ImageObject\",\"inLanguage\":\"en-GB\",\"@id\":\"https:\\\/\\\/www.geniusbytes.com\\\/das-hat-geklappt-danke\\\/#primaryimage\",\"url\":\"https:\\\/\\\/www.geniusbytes.com\\\/wp-content\\\/uploads\\\/2025\\\/11\\\/blog-mediathek-geniusbytes-1024x683.jpg\",\"contentUrl\":\"https:\\\/\\\/www.geniusbytes.com\\\/wp-content\\\/uploads\\\/2025\\\/11\\\/blog-mediathek-geniusbytes-1024x683.jpg\"},{\"@type\":\"BreadcrumbList\",\"@id\":\"https:\\\/\\\/www.geniusbytes.com\\\/das-hat-geklappt-danke\\\/#breadcrumb\",\"itemListElement\":[{\"@type\":\"ListItem\",\"position\":1,\"name\":\"Startseite\",\"item\":\"https:\\\/\\\/www.geniusbytes.com\\\/\"},{\"@type\":\"ListItem\",\"position\":2,\"name\":\"Das hat geklappt &#8211; Danke\"}]},{\"@type\":\"WebSite\",\"@id\":\"https:\\\/\\\/www.geniusbytes.com\\\/#website\",\"url\":\"https:\\\/\\\/www.geniusbytes.com\\\/\",\"name\":\"Genius Bytes - Effiziente Dokumenten-Workflows\",\"description\":\"\",\"publisher\":{\"@id\":\"https:\\\/\\\/www.geniusbytes.com\\\/#organization\"},\"potentialAction\":[{\"@type\":\"SearchAction\",\"target\":{\"@type\":\"EntryPoint\",\"urlTemplate\":\"https:\\\/\\\/www.geniusbytes.com\\\/?s={search_term_string}\"},\"query-input\":{\"@type\":\"PropertyValueSpecification\",\"valueRequired\":true,\"valueName\":\"search_term_string\"}}],\"inLanguage\":\"en-GB\"},{\"@type\":[\"Organization\",\"Place\"],\"@id\":\"https:\\\/\\\/www.geniusbytes.com\\\/#organization\",\"name\":\"Genius Bytes Software Solutions GmbH\",\"alternateName\":\"Genius Bytes\",\"url\":\"https:\\\/\\\/www.geniusbytes.com\\\/\",\"logo\":{\"@id\":\"https:\\\/\\\/www.geniusbytes.com\\\/das-hat-geklappt-danke\\\/#local-main-organization-logo\"},\"image\":{\"@id\":\"https:\\\/\\\/www.geniusbytes.com\\\/das-hat-geklappt-danke\\\/#local-main-organization-logo\"},\"description\":\"Wir machen die digitale Arbeitswelt m\u00f6glich. Seit \u00fcber 25 Jahren entwickeln wir L\u00f6sungen f\u00fcr das Print- und Scanmanagement, um Gesch\u00e4ftsprozesse zu optimieren. Mehr als 1.000 Kunden in \u00fcber 39 L\u00e4ndern vertrauen bereits auf unsere Produkte.\",\"legalName\":\"Genius Bytes Softare Solutions GmbH\",\"foundingDate\":\"2000-11-15\",\"duns\":\"314795159\",\"numberOfEmployees\":{\"@type\":\"QuantitativeValue\",\"minValue\":\"11\",\"maxValue\":\"50\"},\"address\":{\"@id\":\"https:\\\/\\\/www.geniusbytes.com\\\/das-hat-geklappt-danke\\\/#local-main-place-address\"},\"telephone\":[\"+49 234 530 34292\"],\"contactPoint\":{\"@type\":\"ContactPoint\",\"email\":\"wpadmin@geniusbytes.com\"},\"openingHoursSpecification\":[{\"@type\":\"OpeningHoursSpecification\",\"dayOfWeek\":[\"Monday\",\"Tuesday\",\"Wednesday\",\"Thursday\",\"Friday\",\"Saturday\",\"Sunday\"],\"opens\":\"09:00\",\"closes\":\"17:00\"}],\"email\":\"info@geniusbytes.com\",\"faxNumber\":\"+49 234 95809828\",\"vatID\":\"DE213838024\"},{\"@type\":\"PostalAddress\",\"@id\":\"https:\\\/\\\/www.geniusbytes.com\\\/das-hat-geklappt-danke\\\/#local-main-place-address\",\"streetAddress\":\"Merianstr. 30\",\"addressLocality\":\"Bochum\",\"postalCode\":\"44801\",\"addressRegion\":\"Nordrhein-Westfalen\",\"addressCountry\":\"DE\"},{\"@type\":\"ImageObject\",\"inLanguage\":\"en-GB\",\"@id\":\"https:\\\/\\\/www.geniusbytes.com\\\/das-hat-geklappt-danke\\\/#local-main-organization-logo\",\"url\":\"https:\\\/\\\/www.geniusbytes.com\\\/wp-content\\\/uploads\\\/2025\\\/09\\\/cropped-Genius-Bytes-Logo.jpg\",\"contentUrl\":\"https:\\\/\\\/www.geniusbytes.com\\\/wp-content\\\/uploads\\\/2025\\\/09\\\/cropped-Genius-Bytes-Logo.jpg\",\"width\":828,\"height\":646,\"caption\":\"Genius Bytes Software Solutions GmbH\"}]}<\/script>\n<meta name=\"geo.placename\" content=\"Bochum\" \/>\n<meta name=\"geo.region\" content=\"Germany\" \/>\n<!-- \/ Yoast SEO Premium plugin. -->","yoast_head_json":{"title":"Das hat geklappt - Danke - Genius Bytes - Effiziente Dokumenten-Workflows","robots":{"index":"index","follow":"follow","max-snippet":"max-snippet:-1","max-image-preview":"max-image-preview:large","max-video-preview":"max-video-preview:-1"},"canonical":"https:\/\/www.geniusbytes.com\/en\/das-hat-geklappt-danke\/","og_locale":"en_GB","og_type":"article","og_title":"Das hat geklappt - Danke","og_description":"Geschafft! Vielen Dank f\u00fcr Ihre Anmeldung! Sie sind nun Teil der Community, erhalten in der Zukunft ganz exklusive Einblicke und [&hellip;]","og_url":"https:\/\/www.geniusbytes.com\/en\/das-hat-geklappt-danke\/","og_site_name":"Genius Bytes - Effiziente Dokumenten-Workflows","article_modified_time":"2026-03-17T11:08:28+00:00","og_image":[{"width":2560,"height":1709,"url":"https:\/\/www.geniusbytes.com\/wp-content\/uploads\/2025\/11\/blog-mediathek-geniusbytes-scaled.jpg","type":"image\/jpeg"}],"twitter_card":"summary_large_image","twitter_misc":{"Estimated reading time":"1 minute"},"schema":{"@context":"https:\/\/schema.org","@graph":[{"@type":"WebPage","@id":"https:\/\/www.geniusbytes.com\/das-hat-geklappt-danke\/","url":"https:\/\/www.geniusbytes.com\/das-hat-geklappt-danke\/","name":"Das hat geklappt - Danke - Genius Bytes - Effiziente Dokumenten-Workflows","isPartOf":{"@id":"https:\/\/www.geniusbytes.com\/#website"},"primaryImageOfPage":{"@id":"https:\/\/www.geniusbytes.com\/das-hat-geklappt-danke\/#primaryimage"},"image":{"@id":"https:\/\/www.geniusbytes.com\/das-hat-geklappt-danke\/#primaryimage"},"thumbnailUrl":"https:\/\/www.geniusbytes.com\/wp-content\/uploads\/2025\/11\/blog-mediathek-geniusbytes-1024x683.jpg","datePublished":"2026-03-10T12:23:27+00:00","dateModified":"2026-03-17T11:08:28+00:00","breadcrumb":{"@id":"https:\/\/www.geniusbytes.com\/das-hat-geklappt-danke\/#breadcrumb"},"inLanguage":"en-GB","potentialAction":[{"@type":"ReadAction","target":["https:\/\/www.geniusbytes.com\/das-hat-geklappt-danke\/"]}]},{"@type":"ImageObject","inLanguage":"en-GB","@id":"https:\/\/www.geniusbytes.com\/das-hat-geklappt-danke\/#primaryimage","url":"https:\/\/www.geniusbytes.com\/wp-content\/uploads\/2025\/11\/blog-mediathek-geniusbytes-1024x683.jpg","contentUrl":"https:\/\/www.geniusbytes.com\/wp-content\/uploads\/2025\/11\/blog-mediathek-geniusbytes-1024x683.jpg"},{"@type":"BreadcrumbList","@id":"https:\/\/www.geniusbytes.com\/das-hat-geklappt-danke\/#breadcrumb","itemListElement":[{"@type":"ListItem","position":1,"name":"Startseite","item":"https:\/\/www.geniusbytes.com\/"},{"@type":"ListItem","position":2,"name":"Das hat geklappt &#8211; Danke"}]},{"@type":"WebSite","@id":"https:\/\/www.geniusbytes.com\/#website","url":"https:\/\/www.geniusbytes.com\/","name":"Genius Bytes - Efficient document workflows","description":"","publisher":{"@id":"https:\/\/www.geniusbytes.com\/#organization"},"potentialAction":[{"@type":"SearchAction","target":{"@type":"EntryPoint","urlTemplate":"https:\/\/www.geniusbytes.com\/?s={search_term_string}"},"query-input":{"@type":"PropertyValueSpecification","valueRequired":true,"valueName":"search_term_string"}}],"inLanguage":"en-GB"},{"@type":["Organization","Place"],"@id":"https:\/\/www.geniusbytes.com\/#organization","name":"Genius Bytes Software Solutions GmbH","alternateName":"Genius Bytes","url":"https:\/\/www.geniusbytes.com\/","logo":{"@id":"https:\/\/www.geniusbytes.com\/das-hat-geklappt-danke\/#local-main-organization-logo"},"image":{"@id":"https:\/\/www.geniusbytes.com\/das-hat-geklappt-danke\/#local-main-organization-logo"},"description":"We make the digital working world possible. For over 25 years, we have been developing solutions for print and scan management to optimise business processes. More than 1,000 customers in over 39 countries already rely on our products.","legalName":"Genius Bytes Softare Solutions GmbH","foundingDate":"2000-11-15","duns":"314795159","numberOfEmployees":{"@type":"QuantitativeValue","minValue":"11","maxValue":"50"},"address":{"@id":"https:\/\/www.geniusbytes.com\/das-hat-geklappt-danke\/#local-main-place-address"},"telephone":["+49 234 530 34292"],"contactPoint":{"@type":"ContactPoint","email":"wpadmin@geniusbytes.com"},"openingHoursSpecification":[{"@type":"OpeningHoursSpecification","dayOfWeek":["Monday","Tuesday","Wednesday","Thursday","Friday","Saturday","Sunday"],"opens":"09:00","closes":"17:00"}],"email":"info@geniusbytes.com","faxNumber":"+49 234 95809828","vatID":"DE213838024"},{"@type":"PostalAddress","@id":"https:\/\/www.geniusbytes.com\/das-hat-geklappt-danke\/#local-main-place-address","streetAddress":"Merianstr. 30","addressLocality":"Bochum","postalCode":"44801","addressRegion":"Nordrhein-Westfalen","addressCountry":"DE"},{"@type":"ImageObject","inLanguage":"en-GB","@id":"https:\/\/www.geniusbytes.com\/das-hat-geklappt-danke\/#local-main-organization-logo","url":"https:\/\/www.geniusbytes.com\/wp-content\/uploads\/2025\/09\/cropped-Genius-Bytes-Logo.jpg","contentUrl":"https:\/\/www.geniusbytes.com\/wp-content\/uploads\/2025\/09\/cropped-Genius-Bytes-Logo.jpg","width":828,"height":646,"caption":"Genius Bytes Software Solutions GmbH"}]},"geo.placename":"Bochum","geo.region":"Germany"},"_links":{"self":[{"href":"https:\/\/www.geniusbytes.com\/en\/wp-json\/wp\/v2\/pages\/5754","targetHints":{"allow":["GET"]}}],"collection":[{"href":"https:\/\/www.geniusbytes.com\/en\/wp-json\/wp\/v2\/pages"}],"about":[{"href":"https:\/\/www.geniusbytes.com\/en\/wp-json\/wp\/v2\/types\/page"}],"author":[{"embeddable":true,"href":"https:\/\/www.geniusbytes.com\/en\/wp-json\/wp\/v2\/users\/1"}],"replies":[{"embeddable":true,"href":"https:\/\/www.geniusbytes.com\/en\/wp-json\/wp\/v2\/comments?post=5754"}],"version-history":[{"count":31,"href":"https:\/\/www.geniusbytes.com\/en\/wp-json\/wp\/v2\/pages\/5754\/revisions"}],"predecessor-version":[{"id":5948,"href":"https:\/\/www.geniusbytes.com\/en\/wp-json\/wp\/v2\/pages\/5754\/revisions\/5948"}],"wp:attachment":[{"href":"https:\/\/www.geniusbytes.com\/en\/wp-json\/wp\/v2\/media?parent=5754"}],"curies":[{"name":"wp","href":"https:\/\/api.w.org\/{rel}","templated":true}]}}