{"id":5734,"date":"2026-03-10T13:45:16","date_gmt":"2026-03-10T11:45:16","guid":{"rendered":"https:\/\/www.geniusbytes.com\/?page_id=5734"},"modified":"2026-03-17T13:21:36","modified_gmt":"2026-03-17T11:21:36","slug":"ein-klick-fehlt-noch","status":"publish","type":"page","link":"https:\/\/www.geniusbytes.com\/en\/ein-klick-fehlt-noch\/","title":{"rendered":"One click is still missing"},"content":{"rendered":"<div data-elementor-type=\"wp-page\" data-elementor-id=\"5734\" class=\"elementor elementor-5734\" data-elementor-post-type=\"page\">\n\t\t\t\t<div class=\"elementor-element elementor-element-45b6753 e-flex e-con-boxed e-con e-parent\" data-id=\"45b6753\" data-element_type=\"container\" data-e-type=\"container\" data-settings=\"{&quot;background_background&quot;:&quot;classic&quot;}\">\n\t\t\t\t\t<div class=\"e-con-inner\">\n\t\t\t\t<div class=\"elementor-element elementor-element-38a8190 elementor-widget elementor-widget-heading\" data-id=\"38a8190\" data-element_type=\"widget\" data-e-type=\"widget\" data-widget_type=\"heading.default\">\n\t\t\t\t\t<p class=\"elementor-heading-title elementor-size-default\">One click is still missing<\/p>\t\t\t\t<\/div>\n\t\t\t\t<div class=\"elementor-element elementor-element-71f796e elementor-widget__width-initial elementor-invisible elementor-widget elementor-widget-heading\" data-id=\"71f796e\" data-element_type=\"widget\" data-e-type=\"widget\" data-settings=\"{&quot;_animation&quot;:&quot;fadeInUp&quot;}\" data-widget_type=\"heading.default\">\n\t\t\t\t\t<h1 class=\"elementor-heading-title elementor-size-default\">Thank you for your registration<\/h1>\t\t\t\t<\/div>\n\t\t\t\t<div class=\"elementor-element elementor-element-b8cc9a3 elementor-widget__width-initial elementor-widget elementor-widget-text-editor\" data-id=\"b8cc9a3\" data-element_type=\"widget\" data-e-type=\"widget\" data-widget_type=\"text-editor.default\">\n\t\t\t\t\t\t\t\t\t<p>What happens now?<\/p><p>Data protection is of course also a major issue for us, which is why we ask you to confirm your e-mail address.<\/p>\t\t\t\t\t\t\t\t<\/div>\n\t\t\t\t<div class=\"elementor-element elementor-element-ecb5e25 elementor-align-center elementor-widget elementor-widget-button\" data-id=\"ecb5e25\" data-element_type=\"widget\" data-e-type=\"widget\" data-widget_type=\"button.default\">\n\t\t\t\t\t\t\t\t\t\t<a class=\"elementor-button elementor-button-link elementor-size-sm\" href=\"#elementor-action%3Aaction%3Dpopup%3Aopen%26settings%3DeyJpZCI6IjQ5ODYiLCJ0b2dnbGUiOmZhbHNlfQ%3D%3D\">\n\t\t\t\t\t\t<span class=\"elementor-button-content-wrapper\">\n\t\t\t\t\t\t\t\t\t<span class=\"elementor-button-text\">Contact us<\/span>\n\t\t\t\t\t<\/span>\n\t\t\t\t\t<\/a>\n\t\t\t\t\t\t\t\t<\/div>\n\t\t\t\t\t<\/div>\n\t\t\t\t<\/div>\n\t\t<div class=\"elementor-element elementor-element-8aeb2e6 e-flex e-con-boxed e-con e-parent\" data-id=\"8aeb2e6\" data-element_type=\"container\" data-e-type=\"container\" data-settings=\"{&quot;background_background&quot;:&quot;classic&quot;}\">\n\t\t\t\t\t<div class=\"e-con-inner\">\n\t\t\t\t<div class=\"elementor-element elementor-element-5ed380d3 elementor-position-inline-start elementor-widget__width-initial elementor-mobile-position-block-start elementor-view-default elementor-widget elementor-widget-icon-box\" data-id=\"5ed380d3\" data-element_type=\"widget\" data-e-type=\"widget\" data-widget_type=\"icon-box.default\">\n\t\t\t\t\t\t\t<div class=\"elementor-icon-box-wrapper\">\n\n\t\t\t\t\t\t<div class=\"elementor-icon-box-icon\">\n\t\t\t\t<span  class=\"elementor-icon\">\n\t\t\t\t<svg aria-hidden=\"true\" class=\"e-font-icon-svg e-far-envelope\" viewbox=\"0 0 512 512\" xmlns=\"http:\/\/www.w3.org\/2000\/svg\"><path d=\"M464 64H48C21.49 64 0 85.49 0 112v288c0 26.51 21.49 48 48 48h416c26.51 0 48-21.49 48-48V112c0-26.51-21.49-48-48-48zm0 48v40.805c-22.422 18.259-58.168 46.651-134.587 106.49-16.841 13.247-50.201 45.072-73.413 44.701-23.208.375-56.579-31.459-73.413-44.701C106.18 199.465 70.425 171.067 48 152.805V112h416zM48 400V214.398c22.914 18.251 55.409 43.862 104.938 82.646 21.857 17.205 60.134 55.186 103.062 54.955 42.717.231 80.509-37.199 103.053-54.947 49.528-38.783 82.032-64.401 104.947-82.653V400H48z\"><\/path><\/svg>\t\t\t\t<\/span>\n\t\t\t<\/div>\n\t\t\t\n\t\t\t\t\t\t<div class=\"elementor-icon-box-content\">\n\n\t\t\t\t\t\t\t\t\t<h3 class=\"elementor-icon-box-title\">\n\t\t\t\t\t\t<span  >\n\t\t\t\t\t\t\tCheck your mailbox\t\t\t\t\t\t<\/span>\n\t\t\t\t\t<\/h3>\n\t\t\t\t\n\t\t\t\t\t\t\t\t\t<p class=\"elementor-icon-box-description\">\n\t\t\t\t\t\tThe confirmation email will be sent to the mailbox you specified when you registered. Please also check your spam or advertising folder if the message does not appear.\t\t\t\t\t<\/p>\n\t\t\t\t\n\t\t\t<\/div>\n\t\t\t\n\t\t<\/div>\n\t\t\t\t\t\t<\/div>\n\t\t\t\t<div class=\"elementor-element elementor-element-4e14cb01 elementor-position-inline-start elementor-widget__width-initial elementor-mobile-position-block-start elementor-view-default elementor-widget elementor-widget-icon-box\" data-id=\"4e14cb01\" data-element_type=\"widget\" data-e-type=\"widget\" data-widget_type=\"icon-box.default\">\n\t\t\t\t\t\t\t<div class=\"elementor-icon-box-wrapper\">\n\n\t\t\t\t\t\t<div class=\"elementor-icon-box-icon\">\n\t\t\t\t<span  class=\"elementor-icon\">\n\t\t\t\t<svg aria-hidden=\"true\" class=\"e-font-icon-svg e-far-envelope-open\" viewbox=\"0 0 512 512\" xmlns=\"http:\/\/www.w3.org\/2000\/svg\"><path d=\"M494.586 164.516c-4.697-3.883-111.723-89.95-135.251-108.657C337.231 38.191 299.437 0 256 0c-43.205 0-80.636 37.717-103.335 55.859-24.463 19.45-131.07 105.195-135.15 108.549A48.004 48.004 0 0 0 0 201.485V464c0 26.51 21.49 48 48 48h416c26.51 0 48-21.49 48-48V201.509a48 48 0 0 0-17.414-36.993zM464 458a6 6 0 0 1-6 6H54a6 6 0 0 1-6-6V204.347c0-1.813.816-3.526 2.226-4.665 15.87-12.814 108.793-87.554 132.364-106.293C200.755 78.88 232.398 48 256 48c23.693 0 55.857 31.369 73.41 45.389 23.573 18.741 116.503 93.493 132.366 106.316a5.99 5.99 0 0 1 2.224 4.663V458zm-31.991-187.704c4.249 5.159 3.465 12.795-1.745 16.981-28.975 23.283-59.274 47.597-70.929 56.863C336.636 362.283 299.205 400 256 400c-43.452 0-81.287-38.237-103.335-55.86-11.279-8.967-41.744-33.413-70.927-56.865-5.21-4.187-5.993-11.822-1.745-16.981l15.258-18.528c4.178-5.073 11.657-5.843 16.779-1.726 28.618 23.001 58.566 47.035 70.56 56.571C200.143 320.631 232.307 352 256 352c23.602 0 55.246-30.88 73.41-45.389 11.994-9.535 41.944-33.57 70.563-56.568 5.122-4.116 12.601-3.346 16.778 1.727l15.258 18.526z\"><\/path><\/svg>\t\t\t\t<\/span>\n\t\t\t<\/div>\n\t\t\t\n\t\t\t\t\t\t<div class=\"elementor-icon-box-content\">\n\n\t\t\t\t\t\t\t\t\t<h3 class=\"elementor-icon-box-title\">\n\t\t\t\t\t\t<span  >\n\t\t\t\t\t\t\tOpen the confirmation email\t\t\t\t\t\t<\/span>\n\t\t\t\t\t<\/h3>\n\t\t\t\t\n\t\t\t\t\t\t\t\t\t<p class=\"elementor-icon-box-description\">\n\t\t\t\t\t\tThe subject of the mail is <b>\"One click is still missing ...\"<\/b> and \"marketing@geniusbytes.com\" appears as the sender.\t\t\t\t\t<\/p>\n\t\t\t\t\n\t\t\t<\/div>\n\t\t\t\n\t\t<\/div>\n\t\t\t\t\t\t<\/div>\n\t\t\t\t<div class=\"elementor-element elementor-element-18243d2 elementor-position-inline-start elementor-widget__width-initial elementor-mobile-position-block-start elementor-view-default elementor-widget elementor-widget-icon-box\" data-id=\"18243d2\" data-element_type=\"widget\" data-e-type=\"widget\" data-widget_type=\"icon-box.default\">\n\t\t\t\t\t\t\t<div class=\"elementor-icon-box-wrapper\">\n\n\t\t\t\t\t\t<div class=\"elementor-icon-box-icon\">\n\t\t\t\t<span  class=\"elementor-icon\">\n\t\t\t\t<svg aria-hidden=\"true\" class=\"e-font-icon-svg e-fas-mouse-pointer\" viewbox=\"0 0 320 512\" xmlns=\"http:\/\/www.w3.org\/2000\/svg\"><path d=\"M302.189 329.126H196.105l55.831 135.993c3.889 9.428-.555 19.999-9.444 23.999l-49.165 21.427c-9.165 4-19.443-.571-23.332-9.714l-53.053-129.136-86.664 89.138C18.729 472.71 0 463.554 0 447.977V18.299C0 1.899 19.921-6.096 30.277 5.443l284.412 292.542c11.472 11.179 3.007 31.141-12.5 31.141z\"><\/path><\/svg>\t\t\t\t<\/span>\n\t\t\t<\/div>\n\t\t\t\n\t\t\t\t\t\t<div class=\"elementor-icon-box-content\">\n\n\t\t\t\t\t\t\t\t\t<h3 class=\"elementor-icon-box-title\">\n\t\t\t\t\t\t<span  >\n\t\t\t\t\t\t\tThe last click\t\t\t\t\t\t<\/span>\n\t\t\t\t\t<\/h3>\n\t\t\t\t\n\t\t\t\t\t\t\t\t\t<p class=\"elementor-icon-box-description\">\n\t\t\t\t\t\tAs soon as you click on the link, it's done! The confirmation will follow shortly.\t\t\t\t\t<\/p>\n\t\t\t\t\n\t\t\t<\/div>\n\t\t\t\n\t\t<\/div>\n\t\t\t\t\t\t<\/div>\n\t\t\t\t<div class=\"elementor-element elementor-element-5b85657 elementor-widget elementor-widget-text-editor\" data-id=\"5b85657\" data-element_type=\"widget\" data-e-type=\"widget\" data-widget_type=\"text-editor.default\">\n\t\t\t\t\t\t\t\t\t<p>Note: You can unsubscribe at any time. Every e-mail from us contains an unsubscribe link.<\/p>\t\t\t\t\t\t\t\t<\/div>\n\t\t\t\t\t<\/div>\n\t\t\t\t<\/div>\n\t\t\t\t<\/div>","protected":false},"excerpt":{"rendered":"<p>Ein Klick fehlt noch Vielen Dank f\u00fcr Ihre Anmeldung Wie geht es jetzt weiter? Datenschutz ist nat\u00fcrlich auch f\u00fcr uns [&hellip;]<\/p>\n","protected":false},"author":1,"featured_media":1666,"parent":0,"menu_order":0,"comment_status":"closed","ping_status":"closed","template":"","meta":{"_acf_changed":false,"site-sidebar-layout":"no-sidebar","site-content-layout":"","ast-site-content-layout":"full-width-container","site-content-style":"default","site-sidebar-style":"default","ast-global-header-display":"","ast-banner-title-visibility":"","ast-main-header-display":"","ast-hfb-above-header-display":"","ast-hfb-below-header-display":"","ast-hfb-mobile-header-display":"","site-post-title":"","ast-breadcrumbs-content":"","ast-featured-img":"disabled","footer-sml-layout":"","ast-disable-related-posts":"","theme-transparent-header-meta":"","adv-header-id-meta":"","stick-header-meta":"","header-above-stick-meta":"","header-main-stick-meta":"","header-below-stick-meta":"","astra-migrate-meta-layouts":"default","ast-page-background-enabled":"default","ast-page-background-meta":{"desktop":{"background-color":"var(--ast-global-color-5)","background-image":"","background-repeat":"repeat","background-position":"center center","background-size":"auto","background-attachment":"scroll","background-type":"","background-media":"","overlay-type":"","overlay-color":"","overlay-opacity":"","overlay-gradient":""},"tablet":{"background-color":"","background-image":"","background-repeat":"repeat","background-position":"center center","background-size":"auto","background-attachment":"scroll","background-type":"","background-media":"","overlay-type":"","overlay-color":"","overlay-opacity":"","overlay-gradient":""},"mobile":{"background-color":"","background-image":"","background-repeat":"repeat","background-position":"center center","background-size":"auto","background-attachment":"scroll","background-type":"","background-media":"","overlay-type":"","overlay-color":"","overlay-opacity":"","overlay-gradient":""}},"ast-content-background-meta":{"desktop":{"background-color":"var(--ast-global-color-4)","background-image":"","background-repeat":"repeat","background-position":"center center","background-size":"auto","background-attachment":"scroll","background-type":"","background-media":"","overlay-type":"","overlay-color":"","overlay-opacity":"","overlay-gradient":""},"tablet":{"background-color":"var(--ast-global-color-4)","background-image":"","background-repeat":"repeat","background-position":"center center","background-size":"auto","background-attachment":"scroll","background-type":"","background-media":"","overlay-type":"","overlay-color":"","overlay-opacity":"","overlay-gradient":""},"mobile":{"background-color":"var(--ast-global-color-4)","background-image":"","background-repeat":"repeat","background-position":"center center","background-size":"auto","background-attachment":"scroll","background-type":"","background-media":"","overlay-type":"","overlay-color":"","overlay-opacity":"","overlay-gradient":""}},"footnotes":""},"class_list":["post-5734","page","type-page","status-publish","has-post-thumbnail","hentry"],"acf":[],"yoast_head":"<!-- This site is optimized with the Yoast SEO Premium plugin v27.4 (Yoast SEO v27.4) - https:\/\/yoast.com\/product\/yoast-seo-premium-wordpress\/ -->\n<title>Ein Klick fehlt noch - Genius Bytes - Effiziente Dokumenten-Workflows<\/title>\n<meta name=\"robots\" content=\"index, follow, max-snippet:-1, max-image-preview:large, max-video-preview:-1\" \/>\n<link rel=\"canonical\" href=\"https:\/\/www.geniusbytes.com\/en\/ein-klick-fehlt-noch\/\" \/>\n<meta property=\"og:locale\" content=\"en_GB\" \/>\n<meta property=\"og:type\" content=\"article\" \/>\n<meta property=\"og:title\" content=\"Ein Klick fehlt noch\" \/>\n<meta property=\"og:description\" content=\"Ein Klick fehlt noch Vielen Dank f\u00fcr Ihre Anmeldung Wie geht es jetzt weiter? Datenschutz ist nat\u00fcrlich auch f\u00fcr uns [&hellip;]\" \/>\n<meta property=\"og:url\" content=\"https:\/\/www.geniusbytes.com\/en\/ein-klick-fehlt-noch\/\" \/>\n<meta property=\"og:site_name\" content=\"Genius Bytes - Effiziente Dokumenten-Workflows\" \/>\n<meta property=\"article:modified_time\" content=\"2026-03-17T11:21:36+00:00\" \/>\n<meta property=\"og:image\" content=\"https:\/\/www.geniusbytes.com\/wp-content\/uploads\/2025\/11\/blog-mediathek-geniusbytes-scaled.jpg\" \/>\n\t<meta property=\"og:image:width\" content=\"2560\" \/>\n\t<meta property=\"og:image:height\" content=\"1709\" \/>\n\t<meta property=\"og:image:type\" content=\"image\/jpeg\" \/>\n<meta name=\"twitter:card\" content=\"summary_large_image\" \/>\n<meta name=\"twitter:label1\" content=\"Estimated reading time\" \/>\n\t<meta name=\"twitter:data1\" content=\"1 minute\" \/>\n<script type=\"application\/ld+json\" class=\"yoast-schema-graph\">{\"@context\":\"https:\\\/\\\/schema.org\",\"@graph\":[{\"@type\":\"WebPage\",\"@id\":\"https:\\\/\\\/www.geniusbytes.com\\\/ein-klick-fehlt-noch\\\/\",\"url\":\"https:\\\/\\\/www.geniusbytes.com\\\/ein-klick-fehlt-noch\\\/\",\"name\":\"Ein Klick fehlt noch - Genius Bytes - Effiziente Dokumenten-Workflows\",\"isPartOf\":{\"@id\":\"https:\\\/\\\/www.geniusbytes.com\\\/#website\"},\"primaryImageOfPage\":{\"@id\":\"https:\\\/\\\/www.geniusbytes.com\\\/ein-klick-fehlt-noch\\\/#primaryimage\"},\"image\":{\"@id\":\"https:\\\/\\\/www.geniusbytes.com\\\/ein-klick-fehlt-noch\\\/#primaryimage\"},\"thumbnailUrl\":\"https:\\\/\\\/www.geniusbytes.com\\\/wp-content\\\/uploads\\\/2025\\\/11\\\/blog-mediathek-geniusbytes-scaled.jpg\",\"datePublished\":\"2026-03-10T11:45:16+00:00\",\"dateModified\":\"2026-03-17T11:21:36+00:00\",\"breadcrumb\":{\"@id\":\"https:\\\/\\\/www.geniusbytes.com\\\/ein-klick-fehlt-noch\\\/#breadcrumb\"},\"inLanguage\":\"en-GB\",\"potentialAction\":[{\"@type\":\"ReadAction\",\"target\":[\"https:\\\/\\\/www.geniusbytes.com\\\/ein-klick-fehlt-noch\\\/\"]}]},{\"@type\":\"ImageObject\",\"inLanguage\":\"en-GB\",\"@id\":\"https:\\\/\\\/www.geniusbytes.com\\\/ein-klick-fehlt-noch\\\/#primaryimage\",\"url\":\"https:\\\/\\\/www.geniusbytes.com\\\/wp-content\\\/uploads\\\/2025\\\/11\\\/blog-mediathek-geniusbytes-scaled.jpg\",\"contentUrl\":\"https:\\\/\\\/www.geniusbytes.com\\\/wp-content\\\/uploads\\\/2025\\\/11\\\/blog-mediathek-geniusbytes-scaled.jpg\",\"width\":2560,\"height\":1709,\"caption\":\"Image of cheerful handsome man in formal wear sitting in office with legs at table, and using black smartphone\"},{\"@type\":\"BreadcrumbList\",\"@id\":\"https:\\\/\\\/www.geniusbytes.com\\\/ein-klick-fehlt-noch\\\/#breadcrumb\",\"itemListElement\":[{\"@type\":\"ListItem\",\"position\":1,\"name\":\"Startseite\",\"item\":\"https:\\\/\\\/www.geniusbytes.com\\\/\"},{\"@type\":\"ListItem\",\"position\":2,\"name\":\"Ein Klick fehlt noch\"}]},{\"@type\":\"WebSite\",\"@id\":\"https:\\\/\\\/www.geniusbytes.com\\\/#website\",\"url\":\"https:\\\/\\\/www.geniusbytes.com\\\/\",\"name\":\"Genius Bytes - Effiziente Dokumenten-Workflows\",\"description\":\"\",\"publisher\":{\"@id\":\"https:\\\/\\\/www.geniusbytes.com\\\/#organization\"},\"potentialAction\":[{\"@type\":\"SearchAction\",\"target\":{\"@type\":\"EntryPoint\",\"urlTemplate\":\"https:\\\/\\\/www.geniusbytes.com\\\/?s={search_term_string}\"},\"query-input\":{\"@type\":\"PropertyValueSpecification\",\"valueRequired\":true,\"valueName\":\"search_term_string\"}}],\"inLanguage\":\"en-GB\"},{\"@type\":[\"Organization\",\"Place\"],\"@id\":\"https:\\\/\\\/www.geniusbytes.com\\\/#organization\",\"name\":\"Genius Bytes Software Solutions GmbH\",\"alternateName\":\"Genius Bytes\",\"url\":\"https:\\\/\\\/www.geniusbytes.com\\\/\",\"logo\":{\"@id\":\"https:\\\/\\\/www.geniusbytes.com\\\/ein-klick-fehlt-noch\\\/#local-main-organization-logo\"},\"image\":{\"@id\":\"https:\\\/\\\/www.geniusbytes.com\\\/ein-klick-fehlt-noch\\\/#local-main-organization-logo\"},\"description\":\"Wir machen die digitale Arbeitswelt m\u00f6glich. Seit \u00fcber 25 Jahren entwickeln wir L\u00f6sungen f\u00fcr das Print- und Scanmanagement, um Gesch\u00e4ftsprozesse zu optimieren. Mehr als 1.000 Kunden in \u00fcber 39 L\u00e4ndern vertrauen bereits auf unsere Produkte.\",\"legalName\":\"Genius Bytes Softare Solutions GmbH\",\"foundingDate\":\"2000-11-15\",\"duns\":\"314795159\",\"numberOfEmployees\":{\"@type\":\"QuantitativeValue\",\"minValue\":\"11\",\"maxValue\":\"50\"},\"address\":{\"@id\":\"https:\\\/\\\/www.geniusbytes.com\\\/ein-klick-fehlt-noch\\\/#local-main-place-address\"},\"telephone\":[\"+49 234 530 34292\"],\"contactPoint\":{\"@type\":\"ContactPoint\",\"email\":\"wpadmin@geniusbytes.com\"},\"openingHoursSpecification\":[{\"@type\":\"OpeningHoursSpecification\",\"dayOfWeek\":[\"Monday\",\"Tuesday\",\"Wednesday\",\"Thursday\",\"Friday\",\"Saturday\",\"Sunday\"],\"opens\":\"09:00\",\"closes\":\"17:00\"}],\"email\":\"info@geniusbytes.com\",\"faxNumber\":\"+49 234 95809828\",\"vatID\":\"DE213838024\"},{\"@type\":\"PostalAddress\",\"@id\":\"https:\\\/\\\/www.geniusbytes.com\\\/ein-klick-fehlt-noch\\\/#local-main-place-address\",\"streetAddress\":\"Merianstr. 30\",\"addressLocality\":\"Bochum\",\"postalCode\":\"44801\",\"addressRegion\":\"Nordrhein-Westfalen\",\"addressCountry\":\"DE\"},{\"@type\":\"ImageObject\",\"inLanguage\":\"en-GB\",\"@id\":\"https:\\\/\\\/www.geniusbytes.com\\\/ein-klick-fehlt-noch\\\/#local-main-organization-logo\",\"url\":\"https:\\\/\\\/www.geniusbytes.com\\\/wp-content\\\/uploads\\\/2025\\\/09\\\/cropped-Genius-Bytes-Logo.jpg\",\"contentUrl\":\"https:\\\/\\\/www.geniusbytes.com\\\/wp-content\\\/uploads\\\/2025\\\/09\\\/cropped-Genius-Bytes-Logo.jpg\",\"width\":828,\"height\":646,\"caption\":\"Genius Bytes Software Solutions GmbH\"}]}<\/script>\n<meta name=\"geo.placename\" content=\"Bochum\" \/>\n<meta name=\"geo.region\" content=\"Germany\" \/>\n<!-- \/ Yoast SEO Premium plugin. -->","yoast_head_json":{"title":"Ein Klick fehlt noch - Genius Bytes - Effiziente Dokumenten-Workflows","robots":{"index":"index","follow":"follow","max-snippet":"max-snippet:-1","max-image-preview":"max-image-preview:large","max-video-preview":"max-video-preview:-1"},"canonical":"https:\/\/www.geniusbytes.com\/en\/ein-klick-fehlt-noch\/","og_locale":"en_GB","og_type":"article","og_title":"Ein Klick fehlt noch","og_description":"Ein Klick fehlt noch Vielen Dank f\u00fcr Ihre Anmeldung Wie geht es jetzt weiter? Datenschutz ist nat\u00fcrlich auch f\u00fcr uns [&hellip;]","og_url":"https:\/\/www.geniusbytes.com\/en\/ein-klick-fehlt-noch\/","og_site_name":"Genius Bytes - Effiziente Dokumenten-Workflows","article_modified_time":"2026-03-17T11:21:36+00:00","og_image":[{"width":2560,"height":1709,"url":"https:\/\/www.geniusbytes.com\/wp-content\/uploads\/2025\/11\/blog-mediathek-geniusbytes-scaled.jpg","type":"image\/jpeg"}],"twitter_card":"summary_large_image","twitter_misc":{"Estimated reading time":"1 minute"},"schema":{"@context":"https:\/\/schema.org","@graph":[{"@type":"WebPage","@id":"https:\/\/www.geniusbytes.com\/ein-klick-fehlt-noch\/","url":"https:\/\/www.geniusbytes.com\/ein-klick-fehlt-noch\/","name":"Ein Klick fehlt noch - Genius Bytes - Effiziente Dokumenten-Workflows","isPartOf":{"@id":"https:\/\/www.geniusbytes.com\/#website"},"primaryImageOfPage":{"@id":"https:\/\/www.geniusbytes.com\/ein-klick-fehlt-noch\/#primaryimage"},"image":{"@id":"https:\/\/www.geniusbytes.com\/ein-klick-fehlt-noch\/#primaryimage"},"thumbnailUrl":"https:\/\/www.geniusbytes.com\/wp-content\/uploads\/2025\/11\/blog-mediathek-geniusbytes-scaled.jpg","datePublished":"2026-03-10T11:45:16+00:00","dateModified":"2026-03-17T11:21:36+00:00","breadcrumb":{"@id":"https:\/\/www.geniusbytes.com\/ein-klick-fehlt-noch\/#breadcrumb"},"inLanguage":"en-GB","potentialAction":[{"@type":"ReadAction","target":["https:\/\/www.geniusbytes.com\/ein-klick-fehlt-noch\/"]}]},{"@type":"ImageObject","inLanguage":"en-GB","@id":"https:\/\/www.geniusbytes.com\/ein-klick-fehlt-noch\/#primaryimage","url":"https:\/\/www.geniusbytes.com\/wp-content\/uploads\/2025\/11\/blog-mediathek-geniusbytes-scaled.jpg","contentUrl":"https:\/\/www.geniusbytes.com\/wp-content\/uploads\/2025\/11\/blog-mediathek-geniusbytes-scaled.jpg","width":2560,"height":1709,"caption":"Image of cheerful handsome man in formal wear sitting in office with legs at table, and using black smartphone"},{"@type":"BreadcrumbList","@id":"https:\/\/www.geniusbytes.com\/ein-klick-fehlt-noch\/#breadcrumb","itemListElement":[{"@type":"ListItem","position":1,"name":"Startseite","item":"https:\/\/www.geniusbytes.com\/"},{"@type":"ListItem","position":2,"name":"Ein Klick fehlt noch"}]},{"@type":"WebSite","@id":"https:\/\/www.geniusbytes.com\/#website","url":"https:\/\/www.geniusbytes.com\/","name":"Genius Bytes - Efficient document workflows","description":"","publisher":{"@id":"https:\/\/www.geniusbytes.com\/#organization"},"potentialAction":[{"@type":"SearchAction","target":{"@type":"EntryPoint","urlTemplate":"https:\/\/www.geniusbytes.com\/?s={search_term_string}"},"query-input":{"@type":"PropertyValueSpecification","valueRequired":true,"valueName":"search_term_string"}}],"inLanguage":"en-GB"},{"@type":["Organization","Place"],"@id":"https:\/\/www.geniusbytes.com\/#organization","name":"Genius Bytes Software Solutions GmbH","alternateName":"Genius Bytes","url":"https:\/\/www.geniusbytes.com\/","logo":{"@id":"https:\/\/www.geniusbytes.com\/ein-klick-fehlt-noch\/#local-main-organization-logo"},"image":{"@id":"https:\/\/www.geniusbytes.com\/ein-klick-fehlt-noch\/#local-main-organization-logo"},"description":"We make the digital working world possible. For over 25 years, we have been developing solutions for print and scan management to optimise business processes. More than 1,000 customers in over 39 countries already rely on our products.","legalName":"Genius Bytes Softare Solutions GmbH","foundingDate":"2000-11-15","duns":"314795159","numberOfEmployees":{"@type":"QuantitativeValue","minValue":"11","maxValue":"50"},"address":{"@id":"https:\/\/www.geniusbytes.com\/ein-klick-fehlt-noch\/#local-main-place-address"},"telephone":["+49 234 530 34292"],"contactPoint":{"@type":"ContactPoint","email":"wpadmin@geniusbytes.com"},"openingHoursSpecification":[{"@type":"OpeningHoursSpecification","dayOfWeek":["Monday","Tuesday","Wednesday","Thursday","Friday","Saturday","Sunday"],"opens":"09:00","closes":"17:00"}],"email":"info@geniusbytes.com","faxNumber":"+49 234 95809828","vatID":"DE213838024"},{"@type":"PostalAddress","@id":"https:\/\/www.geniusbytes.com\/ein-klick-fehlt-noch\/#local-main-place-address","streetAddress":"Merianstr. 30","addressLocality":"Bochum","postalCode":"44801","addressRegion":"Nordrhein-Westfalen","addressCountry":"DE"},{"@type":"ImageObject","inLanguage":"en-GB","@id":"https:\/\/www.geniusbytes.com\/ein-klick-fehlt-noch\/#local-main-organization-logo","url":"https:\/\/www.geniusbytes.com\/wp-content\/uploads\/2025\/09\/cropped-Genius-Bytes-Logo.jpg","contentUrl":"https:\/\/www.geniusbytes.com\/wp-content\/uploads\/2025\/09\/cropped-Genius-Bytes-Logo.jpg","width":828,"height":646,"caption":"Genius Bytes Software Solutions GmbH"}]},"geo.placename":"Bochum","geo.region":"Germany"},"_links":{"self":[{"href":"https:\/\/www.geniusbytes.com\/en\/wp-json\/wp\/v2\/pages\/5734","targetHints":{"allow":["GET"]}}],"collection":[{"href":"https:\/\/www.geniusbytes.com\/en\/wp-json\/wp\/v2\/pages"}],"about":[{"href":"https:\/\/www.geniusbytes.com\/en\/wp-json\/wp\/v2\/types\/page"}],"author":[{"embeddable":true,"href":"https:\/\/www.geniusbytes.com\/en\/wp-json\/wp\/v2\/users\/1"}],"replies":[{"embeddable":true,"href":"https:\/\/www.geniusbytes.com\/en\/wp-json\/wp\/v2\/comments?post=5734"}],"version-history":[{"count":22,"href":"https:\/\/www.geniusbytes.com\/en\/wp-json\/wp\/v2\/pages\/5734\/revisions"}],"predecessor-version":[{"id":5951,"href":"https:\/\/www.geniusbytes.com\/en\/wp-json\/wp\/v2\/pages\/5734\/revisions\/5951"}],"wp:featuredmedia":[{"embeddable":true,"href":"https:\/\/www.geniusbytes.com\/en\/wp-json\/wp\/v2\/media\/1666"}],"wp:attachment":[{"href":"https:\/\/www.geniusbytes.com\/en\/wp-json\/wp\/v2\/media?parent=5734"}],"curies":[{"name":"wp","href":"https:\/\/api.w.org\/{rel}","templated":true}]}}