{"id":3692,"date":"2025-11-15T20:55:11","date_gmt":"2025-11-15T18:55:11","guid":{"rendered":"https:\/\/www.geniusbytes.com\/?page_id=3692"},"modified":"2026-03-17T13:24:01","modified_gmt":"2026-03-17T11:24:01","slug":"nl-thanks","status":"publish","type":"page","link":"https:\/\/www.geniusbytes.com\/en\/nl-thanks\/","title":{"rendered":"Newsletter Thank you"},"content":{"rendered":"<div data-elementor-type=\"wp-page\" data-elementor-id=\"3692\" class=\"elementor elementor-3692\" data-elementor-post-type=\"page\">\n\t\t\t\t<div class=\"elementor-element elementor-element-bea3c86 e-flex e-con-boxed e-con e-parent\" data-id=\"bea3c86\" data-element_type=\"container\" data-e-type=\"container\">\n\t\t\t\t\t<div class=\"e-con-inner\">\n\t\t\t\t<div class=\"elementor-element elementor-element-34038ab elementor-widget elementor-widget-text-editor\" data-id=\"34038ab\" data-element_type=\"widget\" data-e-type=\"widget\" data-widget_type=\"text-editor.default\">\n\t\t\t\t\t\t\t\t\t<h2>Thank you very much!<\/h2><p>Your registration is confirmed! - Your e-mail address has been successfully verified. You will now receive our newsletter in your e-mail inbox.\u00a0<\/p><p>Fundamentally, it's helpful if you have our shipping address <strong>marketing@geniusbytes.com\u00a0<\/strong>to your contacts. This way you can be sure that you actually receive our emails and that they don't end up in your spam folder by mistake.<br \/>See you soon, Your Genius Bytes Team<\/p>\t\t\t\t\t\t\t\t<\/div>\n\t\t\t\t\t<\/div>\n\t\t\t\t<\/div>\n\t\t<div class=\"elementor-element elementor-element-5a2c4df e-flex e-con-boxed e-con e-parent\" data-id=\"5a2c4df\" data-element_type=\"container\" data-e-type=\"container\">\n\t\t\t\t\t<div class=\"e-con-inner\">\n\t\t\t\t<div class=\"elementor-element elementor-element-b3aa278 elementor-widget elementor-widget-image\" data-id=\"b3aa278\" data-element_type=\"widget\" data-e-type=\"widget\" data-widget_type=\"image.default\">\n\t\t\t\t\t\t\t\t\t\t\t\t\t\t\t<img fetchpriority=\"high\" decoding=\"async\" width=\"1024\" height=\"683\" src=\"https:\/\/www.geniusbytes.com\/wp-content\/uploads\/2025\/11\/blog-mediathek-geniusbytes-1024x683.jpg\" class=\"attachment-large size-large wp-image-1666\" alt=\"\" srcset=\"https:\/\/www.geniusbytes.com\/wp-content\/uploads\/2025\/11\/blog-mediathek-geniusbytes-1024x683.jpg 1024w, https:\/\/www.geniusbytes.com\/wp-content\/uploads\/2025\/11\/blog-mediathek-geniusbytes-300x200.jpg 300w, https:\/\/www.geniusbytes.com\/wp-content\/uploads\/2025\/11\/blog-mediathek-geniusbytes-768x513.jpg 768w, https:\/\/www.geniusbytes.com\/wp-content\/uploads\/2025\/11\/blog-mediathek-geniusbytes-1536x1025.jpg 1536w, https:\/\/www.geniusbytes.com\/wp-content\/uploads\/2025\/11\/blog-mediathek-geniusbytes-2048x1367.jpg 2048w, https:\/\/www.geniusbytes.com\/wp-content\/uploads\/2025\/11\/blog-mediathek-geniusbytes-18x12.jpg 18w\" sizes=\"(max-width: 1024px) 100vw, 1024px\" \/>\t\t\t\t\t\t\t\t\t\t\t\t\t\t\t<\/div>\n\t\t\t\t\t<\/div>\n\t\t\t\t<\/div>\n\t\t\t\t<\/div>","protected":false},"excerpt":{"rendered":"<p>Vielen Dank! Ihre Anmeldung ist best\u00e4tigt! \u2013 Ihre E-Mail-Adresse wurde erfolgreich verifiziert. Sie erhalten ab sofort unseren Newsletter in Ihr [&hellip;]<\/p>\n","protected":false},"author":3,"featured_media":0,"parent":0,"menu_order":0,"comment_status":"closed","ping_status":"closed","template":"","meta":{"_acf_changed":false,"site-sidebar-layout":"no-sidebar","site-content-layout":"","ast-site-content-layout":"full-width-container","site-content-style":"default","site-sidebar-style":"default","ast-global-header-display":"","ast-banner-title-visibility":"","ast-main-header-display":"","ast-hfb-above-header-display":"","ast-hfb-below-header-display":"","ast-hfb-mobile-header-display":"","site-post-title":"","ast-breadcrumbs-content":"","ast-featured-img":"disabled","footer-sml-layout":"","ast-disable-related-posts":"","theme-transparent-header-meta":"","adv-header-id-meta":"","stick-header-meta":"","header-above-stick-meta":"","header-main-stick-meta":"","header-below-stick-meta":"","astra-migrate-meta-layouts":"default","ast-page-background-enabled":"default","ast-page-background-meta":{"desktop":{"background-color":"var(--ast-global-color-5)","background-image":"","background-repeat":"repeat","background-position":"center center","background-size":"auto","background-attachment":"scroll","background-type":"","background-media":"","overlay-type":"","overlay-color":"","overlay-opacity":"","overlay-gradient":""},"tablet":{"background-color":"","background-image":"","background-repeat":"repeat","background-position":"center center","background-size":"auto","background-attachment":"scroll","background-type":"","background-media":"","overlay-type":"","overlay-color":"","overlay-opacity":"","overlay-gradient":""},"mobile":{"background-color":"","background-image":"","background-repeat":"repeat","background-position":"center center","background-size":"auto","background-attachment":"scroll","background-type":"","background-media":"","overlay-type":"","overlay-color":"","overlay-opacity":"","overlay-gradient":""}},"ast-content-background-meta":{"desktop":{"background-color":"var(--ast-global-color-4)","background-image":"","background-repeat":"repeat","background-position":"center center","background-size":"auto","background-attachment":"scroll","background-type":"","background-media":"","overlay-type":"","overlay-color":"","overlay-opacity":"","overlay-gradient":""},"tablet":{"background-color":"var(--ast-global-color-4)","background-image":"","background-repeat":"repeat","background-position":"center center","background-size":"auto","background-attachment":"scroll","background-type":"","background-media":"","overlay-type":"","overlay-color":"","overlay-opacity":"","overlay-gradient":""},"mobile":{"background-color":"var(--ast-global-color-4)","background-image":"","background-repeat":"repeat","background-position":"center center","background-size":"auto","background-attachment":"scroll","background-type":"","background-media":"","overlay-type":"","overlay-color":"","overlay-opacity":"","overlay-gradient":""}},"footnotes":""},"class_list":["post-3692","page","type-page","status-publish","hentry"],"acf":[],"yoast_head":"<!-- This site is optimized with the Yoast SEO Premium plugin v27.4 (Yoast SEO v27.4) - https:\/\/yoast.com\/product\/yoast-seo-premium-wordpress\/ -->\n<title>Anmeldung erfolgreich: Willkommen beim Genius Bytes Newsletter<\/title>\n<meta name=\"description\" content=\"Vielen Dank! Ihre E-Mail-Adresse wurde erfolgreich verifiziert. Sie erhalten ab sofort Updates zu Workflow-L\u00f6sungen &amp; IT-Trends direkt in Ihr Postfach\" \/>\n<meta name=\"robots\" content=\"index, follow, max-snippet:-1, max-image-preview:large, max-video-preview:-1\" \/>\n<link rel=\"canonical\" href=\"https:\/\/www.geniusbytes.com\/en\/nl-thanks\/\" \/>\n<meta property=\"og:locale\" content=\"en_GB\" \/>\n<meta property=\"og:type\" content=\"article\" \/>\n<meta property=\"og:title\" content=\"Newsletter Danke\" \/>\n<meta property=\"og:description\" content=\"Vielen Dank! Ihre E-Mail-Adresse wurde erfolgreich verifiziert. Sie erhalten ab sofort Updates zu Workflow-L\u00f6sungen &amp; IT-Trends direkt in Ihr Postfach\" \/>\n<meta property=\"og:url\" content=\"https:\/\/www.geniusbytes.com\/en\/nl-thanks\/\" \/>\n<meta property=\"og:site_name\" content=\"Genius Bytes - Effiziente Dokumenten-Workflows\" \/>\n<meta property=\"article:modified_time\" content=\"2026-03-17T11:24:01+00:00\" \/>\n<meta property=\"og:image\" content=\"https:\/\/www.geniusbytes.com\/wp-content\/uploads\/2025\/11\/blog-mediathek-geniusbytes-scaled.jpg\" \/>\n\t<meta property=\"og:image:width\" content=\"2560\" \/>\n\t<meta property=\"og:image:height\" content=\"1709\" \/>\n\t<meta property=\"og:image:type\" content=\"image\/jpeg\" \/>\n<meta name=\"twitter:card\" content=\"summary_large_image\" \/>\n<meta name=\"twitter:label1\" content=\"Estimated reading time\" \/>\n\t<meta name=\"twitter:data1\" content=\"1 minute\" \/>\n<script type=\"application\/ld+json\" class=\"yoast-schema-graph\">{\"@context\":\"https:\\\/\\\/schema.org\",\"@graph\":[{\"@type\":\"WebPage\",\"@id\":\"https:\\\/\\\/www.geniusbytes.com\\\/nl-thanks\\\/\",\"url\":\"https:\\\/\\\/www.geniusbytes.com\\\/nl-thanks\\\/\",\"name\":\"Anmeldung erfolgreich: Willkommen beim Genius Bytes Newsletter\",\"isPartOf\":{\"@id\":\"https:\\\/\\\/www.geniusbytes.com\\\/#website\"},\"primaryImageOfPage\":{\"@id\":\"https:\\\/\\\/www.geniusbytes.com\\\/nl-thanks\\\/#primaryimage\"},\"image\":{\"@id\":\"https:\\\/\\\/www.geniusbytes.com\\\/nl-thanks\\\/#primaryimage\"},\"thumbnailUrl\":\"https:\\\/\\\/www.geniusbytes.com\\\/wp-content\\\/uploads\\\/2025\\\/11\\\/blog-mediathek-geniusbytes-1024x683.jpg\",\"datePublished\":\"2025-11-15T18:55:11+00:00\",\"dateModified\":\"2026-03-17T11:24:01+00:00\",\"description\":\"Vielen Dank! Ihre E-Mail-Adresse wurde erfolgreich verifiziert. Sie erhalten ab sofort Updates zu Workflow-L\u00f6sungen & IT-Trends direkt in Ihr Postfach\",\"breadcrumb\":{\"@id\":\"https:\\\/\\\/www.geniusbytes.com\\\/nl-thanks\\\/#breadcrumb\"},\"inLanguage\":\"en-GB\",\"potentialAction\":[{\"@type\":\"ReadAction\",\"target\":[\"https:\\\/\\\/www.geniusbytes.com\\\/nl-thanks\\\/\"]}]},{\"@type\":\"ImageObject\",\"inLanguage\":\"en-GB\",\"@id\":\"https:\\\/\\\/www.geniusbytes.com\\\/nl-thanks\\\/#primaryimage\",\"url\":\"https:\\\/\\\/www.geniusbytes.com\\\/wp-content\\\/uploads\\\/2025\\\/11\\\/blog-mediathek-geniusbytes-1024x683.jpg\",\"contentUrl\":\"https:\\\/\\\/www.geniusbytes.com\\\/wp-content\\\/uploads\\\/2025\\\/11\\\/blog-mediathek-geniusbytes-1024x683.jpg\"},{\"@type\":\"BreadcrumbList\",\"@id\":\"https:\\\/\\\/www.geniusbytes.com\\\/nl-thanks\\\/#breadcrumb\",\"itemListElement\":[{\"@type\":\"ListItem\",\"position\":1,\"name\":\"Startseite\",\"item\":\"https:\\\/\\\/www.geniusbytes.com\\\/\"},{\"@type\":\"ListItem\",\"position\":2,\"name\":\"Newsletter Danke\"}]},{\"@type\":\"WebSite\",\"@id\":\"https:\\\/\\\/www.geniusbytes.com\\\/#website\",\"url\":\"https:\\\/\\\/www.geniusbytes.com\\\/\",\"name\":\"Genius Bytes - Effiziente Dokumenten-Workflows\",\"description\":\"\",\"publisher\":{\"@id\":\"https:\\\/\\\/www.geniusbytes.com\\\/#organization\"},\"potentialAction\":[{\"@type\":\"SearchAction\",\"target\":{\"@type\":\"EntryPoint\",\"urlTemplate\":\"https:\\\/\\\/www.geniusbytes.com\\\/?s={search_term_string}\"},\"query-input\":{\"@type\":\"PropertyValueSpecification\",\"valueRequired\":true,\"valueName\":\"search_term_string\"}}],\"inLanguage\":\"en-GB\"},{\"@type\":[\"Organization\",\"Place\"],\"@id\":\"https:\\\/\\\/www.geniusbytes.com\\\/#organization\",\"name\":\"Genius Bytes Software Solutions GmbH\",\"alternateName\":\"Genius Bytes\",\"url\":\"https:\\\/\\\/www.geniusbytes.com\\\/\",\"logo\":{\"@id\":\"https:\\\/\\\/www.geniusbytes.com\\\/nl-thanks\\\/#local-main-organization-logo\"},\"image\":{\"@id\":\"https:\\\/\\\/www.geniusbytes.com\\\/nl-thanks\\\/#local-main-organization-logo\"},\"description\":\"Wir machen die digitale Arbeitswelt m\u00f6glich. Seit \u00fcber 25 Jahren entwickeln wir L\u00f6sungen f\u00fcr das Print- und Scanmanagement, um Gesch\u00e4ftsprozesse zu optimieren. Mehr als 1.000 Kunden in \u00fcber 39 L\u00e4ndern vertrauen bereits auf unsere Produkte.\",\"legalName\":\"Genius Bytes Softare Solutions GmbH\",\"foundingDate\":\"2000-11-15\",\"duns\":\"314795159\",\"numberOfEmployees\":{\"@type\":\"QuantitativeValue\",\"minValue\":\"11\",\"maxValue\":\"50\"},\"address\":{\"@id\":\"https:\\\/\\\/www.geniusbytes.com\\\/nl-thanks\\\/#local-main-place-address\"},\"telephone\":[\"+49 234 530 34292\"],\"contactPoint\":{\"@type\":\"ContactPoint\",\"email\":\"wpadmin@geniusbytes.com\"},\"openingHoursSpecification\":[{\"@type\":\"OpeningHoursSpecification\",\"dayOfWeek\":[\"Monday\",\"Tuesday\",\"Wednesday\",\"Thursday\",\"Friday\",\"Saturday\",\"Sunday\"],\"opens\":\"09:00\",\"closes\":\"17:00\"}],\"email\":\"info@geniusbytes.com\",\"faxNumber\":\"+49 234 95809828\",\"vatID\":\"DE213838024\"},{\"@type\":\"PostalAddress\",\"@id\":\"https:\\\/\\\/www.geniusbytes.com\\\/nl-thanks\\\/#local-main-place-address\",\"streetAddress\":\"Merianstr. 30\",\"addressLocality\":\"Bochum\",\"postalCode\":\"44801\",\"addressRegion\":\"Nordrhein-Westfalen\",\"addressCountry\":\"DE\"},{\"@type\":\"ImageObject\",\"inLanguage\":\"en-GB\",\"@id\":\"https:\\\/\\\/www.geniusbytes.com\\\/nl-thanks\\\/#local-main-organization-logo\",\"url\":\"https:\\\/\\\/www.geniusbytes.com\\\/wp-content\\\/uploads\\\/2025\\\/09\\\/cropped-Genius-Bytes-Logo.jpg\",\"contentUrl\":\"https:\\\/\\\/www.geniusbytes.com\\\/wp-content\\\/uploads\\\/2025\\\/09\\\/cropped-Genius-Bytes-Logo.jpg\",\"width\":828,\"height\":646,\"caption\":\"Genius Bytes Software Solutions GmbH\"}]}<\/script>\n<meta name=\"geo.placename\" content=\"Bochum\" \/>\n<meta name=\"geo.region\" content=\"Germany\" \/>\n<!-- \/ Yoast SEO Premium plugin. -->","yoast_head_json":{"title":"Anmeldung erfolgreich: Willkommen beim Genius Bytes Newsletter","description":"Vielen Dank! Ihre E-Mail-Adresse wurde erfolgreich verifiziert. Sie erhalten ab sofort Updates zu Workflow-L\u00f6sungen & IT-Trends direkt in Ihr Postfach","robots":{"index":"index","follow":"follow","max-snippet":"max-snippet:-1","max-image-preview":"max-image-preview:large","max-video-preview":"max-video-preview:-1"},"canonical":"https:\/\/www.geniusbytes.com\/en\/nl-thanks\/","og_locale":"en_GB","og_type":"article","og_title":"Newsletter Danke","og_description":"Vielen Dank! Ihre E-Mail-Adresse wurde erfolgreich verifiziert. Sie erhalten ab sofort Updates zu Workflow-L\u00f6sungen & IT-Trends direkt in Ihr Postfach","og_url":"https:\/\/www.geniusbytes.com\/en\/nl-thanks\/","og_site_name":"Genius Bytes - Effiziente Dokumenten-Workflows","article_modified_time":"2026-03-17T11:24:01+00:00","og_image":[{"width":2560,"height":1709,"url":"https:\/\/www.geniusbytes.com\/wp-content\/uploads\/2025\/11\/blog-mediathek-geniusbytes-scaled.jpg","type":"image\/jpeg"}],"twitter_card":"summary_large_image","twitter_misc":{"Estimated reading time":"1 minute"},"schema":{"@context":"https:\/\/schema.org","@graph":[{"@type":"WebPage","@id":"https:\/\/www.geniusbytes.com\/nl-thanks\/","url":"https:\/\/www.geniusbytes.com\/nl-thanks\/","name":"Anmeldung erfolgreich: Willkommen beim Genius Bytes Newsletter","isPartOf":{"@id":"https:\/\/www.geniusbytes.com\/#website"},"primaryImageOfPage":{"@id":"https:\/\/www.geniusbytes.com\/nl-thanks\/#primaryimage"},"image":{"@id":"https:\/\/www.geniusbytes.com\/nl-thanks\/#primaryimage"},"thumbnailUrl":"https:\/\/www.geniusbytes.com\/wp-content\/uploads\/2025\/11\/blog-mediathek-geniusbytes-1024x683.jpg","datePublished":"2025-11-15T18:55:11+00:00","dateModified":"2026-03-17T11:24:01+00:00","description":"Vielen Dank! Ihre E-Mail-Adresse wurde erfolgreich verifiziert. Sie erhalten ab sofort Updates zu Workflow-L\u00f6sungen & IT-Trends direkt in Ihr Postfach","breadcrumb":{"@id":"https:\/\/www.geniusbytes.com\/nl-thanks\/#breadcrumb"},"inLanguage":"en-GB","potentialAction":[{"@type":"ReadAction","target":["https:\/\/www.geniusbytes.com\/nl-thanks\/"]}]},{"@type":"ImageObject","inLanguage":"en-GB","@id":"https:\/\/www.geniusbytes.com\/nl-thanks\/#primaryimage","url":"https:\/\/www.geniusbytes.com\/wp-content\/uploads\/2025\/11\/blog-mediathek-geniusbytes-1024x683.jpg","contentUrl":"https:\/\/www.geniusbytes.com\/wp-content\/uploads\/2025\/11\/blog-mediathek-geniusbytes-1024x683.jpg"},{"@type":"BreadcrumbList","@id":"https:\/\/www.geniusbytes.com\/nl-thanks\/#breadcrumb","itemListElement":[{"@type":"ListItem","position":1,"name":"Startseite","item":"https:\/\/www.geniusbytes.com\/"},{"@type":"ListItem","position":2,"name":"Newsletter Danke"}]},{"@type":"WebSite","@id":"https:\/\/www.geniusbytes.com\/#website","url":"https:\/\/www.geniusbytes.com\/","name":"Genius Bytes - Efficient document workflows","description":"","publisher":{"@id":"https:\/\/www.geniusbytes.com\/#organization"},"potentialAction":[{"@type":"SearchAction","target":{"@type":"EntryPoint","urlTemplate":"https:\/\/www.geniusbytes.com\/?s={search_term_string}"},"query-input":{"@type":"PropertyValueSpecification","valueRequired":true,"valueName":"search_term_string"}}],"inLanguage":"en-GB"},{"@type":["Organization","Place"],"@id":"https:\/\/www.geniusbytes.com\/#organization","name":"Genius Bytes Software Solutions GmbH","alternateName":"Genius Bytes","url":"https:\/\/www.geniusbytes.com\/","logo":{"@id":"https:\/\/www.geniusbytes.com\/nl-thanks\/#local-main-organization-logo"},"image":{"@id":"https:\/\/www.geniusbytes.com\/nl-thanks\/#local-main-organization-logo"},"description":"We make the digital working world possible. For over 25 years, we have been developing solutions for print and scan management to optimise business processes. More than 1,000 customers in over 39 countries already rely on our products.","legalName":"Genius Bytes Softare Solutions GmbH","foundingDate":"2000-11-15","duns":"314795159","numberOfEmployees":{"@type":"QuantitativeValue","minValue":"11","maxValue":"50"},"address":{"@id":"https:\/\/www.geniusbytes.com\/nl-thanks\/#local-main-place-address"},"telephone":["+49 234 530 34292"],"contactPoint":{"@type":"ContactPoint","email":"wpadmin@geniusbytes.com"},"openingHoursSpecification":[{"@type":"OpeningHoursSpecification","dayOfWeek":["Monday","Tuesday","Wednesday","Thursday","Friday","Saturday","Sunday"],"opens":"09:00","closes":"17:00"}],"email":"info@geniusbytes.com","faxNumber":"+49 234 95809828","vatID":"DE213838024"},{"@type":"PostalAddress","@id":"https:\/\/www.geniusbytes.com\/nl-thanks\/#local-main-place-address","streetAddress":"Merianstr. 30","addressLocality":"Bochum","postalCode":"44801","addressRegion":"Nordrhein-Westfalen","addressCountry":"DE"},{"@type":"ImageObject","inLanguage":"en-GB","@id":"https:\/\/www.geniusbytes.com\/nl-thanks\/#local-main-organization-logo","url":"https:\/\/www.geniusbytes.com\/wp-content\/uploads\/2025\/09\/cropped-Genius-Bytes-Logo.jpg","contentUrl":"https:\/\/www.geniusbytes.com\/wp-content\/uploads\/2025\/09\/cropped-Genius-Bytes-Logo.jpg","width":828,"height":646,"caption":"Genius Bytes Software Solutions GmbH"}]},"geo.placename":"Bochum","geo.region":"Germany"},"_links":{"self":[{"href":"https:\/\/www.geniusbytes.com\/en\/wp-json\/wp\/v2\/pages\/3692","targetHints":{"allow":["GET"]}}],"collection":[{"href":"https:\/\/www.geniusbytes.com\/en\/wp-json\/wp\/v2\/pages"}],"about":[{"href":"https:\/\/www.geniusbytes.com\/en\/wp-json\/wp\/v2\/types\/page"}],"author":[{"embeddable":true,"href":"https:\/\/www.geniusbytes.com\/en\/wp-json\/wp\/v2\/users\/3"}],"replies":[{"embeddable":true,"href":"https:\/\/www.geniusbytes.com\/en\/wp-json\/wp\/v2\/comments?post=3692"}],"version-history":[{"count":7,"href":"https:\/\/www.geniusbytes.com\/en\/wp-json\/wp\/v2\/pages\/3692\/revisions"}],"predecessor-version":[{"id":5954,"href":"https:\/\/www.geniusbytes.com\/en\/wp-json\/wp\/v2\/pages\/3692\/revisions\/5954"}],"wp:attachment":[{"href":"https:\/\/www.geniusbytes.com\/en\/wp-json\/wp\/v2\/media?parent=3692"}],"curies":[{"name":"wp","href":"https:\/\/api.w.org\/{rel}","templated":true}]}}